{"id":31,"date":"2020-03-05T06:30:56","date_gmt":"2020-03-05T06:30:56","guid":{"rendered":"http:\/\/hosting136008.a2f0c.netcup.net\/?page_id=31"},"modified":"2020-05-13T16:42:54","modified_gmt":"2020-05-13T15:42:54","slug":"coaching","status":"publish","type":"page","link":"http:\/\/www.flamenco-costacabral.de\/?page_id=31","title":{"rendered":"Coaching"},"content":{"rendered":"\n<h4 class=\"wp-block-heading\">Coaching&#8230; was ist das?<\/h4>\n\n\n\n<p> Willst du eine Choreografie entwickeln und steckst fest?  Willst du wissen, wie du den Raum am bestens nutzt?  Suchst du M\u00f6glichkeiten deinem Ausdruck freien Lauf zu geben?  Hast du \u00c4ngste, wenn du tanzt?  \u2026 Dann helfe ich dir!  <\/p>\n\n\n\n<p> Profitiere meiner gr\u00f6\u00dfer B\u00fchnenerfahrung und \u00fcber 20 j\u00e4hrigen  choreografischen Arbeit, 8 gro\u00dfen sehr erfolgreichen Riesen-Shows &nbsp;und  vor allem von meiner Kenntnis \u00fcber Bewegung, K\u00f6rper, Raum- und  Musikgestaltung <\/p>\n\n\n\n<figure class=\"wp-block-image size-large is-resized\"><img loading=\"lazy\" decoding=\"async\" src=\"http:\/\/hosting136008.a2f0c.netcup.net\/wp-content\/uploads\/2020\/03\/IMG_3432-2-3-683x1024-1.jpg\" alt=\"\" class=\"wp-image-22\" width=\"467\" height=\"700\" srcset=\"http:\/\/www.flamenco-costacabral.de\/wp-content\/uploads\/2020\/03\/IMG_3432-2-3-683x1024-1.jpg 683w, http:\/\/www.flamenco-costacabral.de\/wp-content\/uploads\/2020\/03\/IMG_3432-2-3-683x1024-1-200x300.jpg 200w\" sizes=\"auto, (max-width: 467px) 100vw, 467px\" \/><\/figure>\n\n\n\n<p> Du kannst bei mir in einem sicheren Ort deinen Tanz entwickeln, verbessern, klarer gestalten, ausprobieren\u2026  Dich entdecken, wahrnehmen, austoben\u2026 <\/p>\n\n\n\n<p> Du wirst von mir IMMER konstruktive Kritik bekommen UND Hilfestellungen, um deine Schwierigkeiten zu beheben\u2026 <\/p>\n\n\n\n<p> Wenn du Interesse hast, melde dich! Termine und Kosten nach Absprache! <\/p>\n\n\n\n<p>Fon : 040\/7220997 &#8211; Email: juliacostacabral@dsa-hamburg.de<\/p>\n","protected":false},"excerpt":{"rendered":"<p>Coaching&#8230; was ist das? Willst du eine Choreografie entwickeln und steckst fest? Willst du wissen, wie du den Raum am bestens nutzt? Suchst du M\u00f6glichkeiten deinem Ausdruck freien Lauf zu geben? Hast du \u00c4ngste, wenn du tanzt? \u2026 Dann helfe ich dir! Profitiere meiner gr\u00f6\u00dfer B\u00fchnenerfahrung und \u00fcber 20 j\u00e4hrigen choreografischen Arbeit, 8 gro\u00dfen sehr [&hellip;]<\/p>\n","protected":false},"author":1,"featured_media":0,"parent":0,"menu_order":0,"comment_status":"closed","ping_status":"closed","template":"","meta":{"footnotes":""},"class_list":["post-31","page","type-page","status-publish","hentry"],"_links":{"self":[{"href":"http:\/\/www.flamenco-costacabral.de\/index.php?rest_route=\/wp\/v2\/pages\/31","targetHints":{"allow":["GET"]}}],"collection":[{"href":"http:\/\/www.flamenco-costacabral.de\/index.php?rest_route=\/wp\/v2\/pages"}],"about":[{"href":"http:\/\/www.flamenco-costacabral.de\/index.php?rest_route=\/wp\/v2\/types\/page"}],"author":[{"embeddable":true,"href":"http:\/\/www.flamenco-costacabral.de\/index.php?rest_route=\/wp\/v2\/users\/1"}],"replies":[{"embeddable":true,"href":"http:\/\/www.flamenco-costacabral.de\/index.php?rest_route=%2Fwp%2Fv2%2Fcomments&post=31"}],"version-history":[{"count":5,"href":"http:\/\/www.flamenco-costacabral.de\/index.php?rest_route=\/wp\/v2\/pages\/31\/revisions"}],"predecessor-version":[{"id":172,"href":"http:\/\/www.flamenco-costacabral.de\/index.php?rest_route=\/wp\/v2\/pages\/31\/revisions\/172"}],"wp:attachment":[{"href":"http:\/\/www.flamenco-costacabral.de\/index.php?rest_route=%2Fwp%2Fv2%2Fmedia&parent=31"}],"curies":[{"name":"wp","href":"https:\/\/api.w.org\/{rel}","templated":true}]}}